{"id":1550,"date":"2024-03-26T12:35:43","date_gmt":"2024-03-26T12:35:43","guid":{"rendered":"https:\/\/bitlabor-dev.filafoxit.space\/?page_id=1550"},"modified":"2024-05-06T12:29:21","modified_gmt":"2024-05-06T12:29:21","slug":"kapcsolat","status":"publish","type":"page","link":"https:\/\/www.bitlabor.hu\/index.php\/kapcsolat\/","title":{"rendered":"Kapcsolat"},"content":{"rendered":"\t\t<div data-elementor-type=\"wp-page\" data-elementor-id=\"1550\" class=\"elementor elementor-1550\">\n\t\t\t\t<div class=\"elementor-element elementor-element-2ab5423 e-flex e-con-boxed e-con e-parent\" data-id=\"2ab5423\" data-element_type=\"container\">\n\t\t\t\t\t<div class=\"e-con-inner\">\n\t\t\t\t<div class=\"elementor-element elementor-element-f13552f elementor-widget elementor-widget-heading\" data-id=\"f13552f\" data-element_type=\"widget\" data-widget_type=\"heading.default\">\n\t\t\t\t<div class=\"elementor-widget-container\">\n\t\t\t<style>\/*! elementor - v3.21.0 - 26-05-2024 *\/\n.elementor-heading-title{padding:0;margin:0;line-height:1}.elementor-widget-heading .elementor-heading-title[class*=elementor-size-]>a{color:inherit;font-size:inherit;line-height:inherit}.elementor-widget-heading .elementor-heading-title.elementor-size-small{font-size:15px}.elementor-widget-heading .elementor-heading-title.elementor-size-medium{font-size:19px}.elementor-widget-heading .elementor-heading-title.elementor-size-large{font-size:29px}.elementor-widget-heading .elementor-heading-title.elementor-size-xl{font-size:39px}.elementor-widget-heading .elementor-heading-title.elementor-size-xxl{font-size:59px}<\/style><h2 class=\"elementor-heading-title elementor-size-default\">Kapcsolat<\/h2>\t\t<\/div>\n\t\t\t\t<\/div>\n\t\t\t\t\t<\/div>\n\t\t\t\t<\/div>\n\t\t<div class=\"elementor-element elementor-element-0b7de06 e-flex e-con-boxed e-con e-parent\" data-id=\"0b7de06\" data-element_type=\"container\">\n\t\t\t\t\t<div class=\"e-con-inner\">\n\t\t\t\t<div class=\"elementor-element elementor-element-7ff1fb4 elementor-widget elementor-widget-google_maps\" data-id=\"7ff1fb4\" data-element_type=\"widget\" data-widget_type=\"google_maps.default\">\n\t\t\t\t<div class=\"elementor-widget-container\">\n\t\t\t<style>\/*! elementor - v3.21.0 - 26-05-2024 *\/\n.elementor-widget-google_maps .elementor-widget-container{overflow:hidden}.elementor-widget-google_maps .elementor-custom-embed{line-height:0}.elementor-widget-google_maps iframe{height:300px}<\/style>\t\t<div class=\"elementor-custom-embed\">\n\t\t\t<iframe loading=\"lazy\"\n\t\t\t\t\tsrc=\"https:\/\/maps.google.com\/maps?q=Szeged%2C%20L%C3%A1ma%20utca%208.&#038;t=m&#038;z=14&#038;output=embed&#038;iwloc=near\"\n\t\t\t\t\ttitle=\"Szeged, L\u00e1ma utca 8.\"\n\t\t\t\t\taria-label=\"Szeged, L\u00e1ma utca 8.\"\n\t\t\t><\/iframe>\n\t\t<\/div>\n\t\t\t\t<\/div>\n\t\t\t\t<\/div>\n\t\t\t\t\t<\/div>\n\t\t\t\t<\/div>\n\t\t<div class=\"elementor-element elementor-element-84fad76 e-flex e-con-boxed e-con e-parent\" data-id=\"84fad76\" data-element_type=\"container\">\n\t\t\t\t\t<div class=\"e-con-inner\">\n\t\t\t\t<div class=\"elementor-element elementor-element-2a1a9a8 elementor-widget elementor-widget-he-contact-information\" data-id=\"2a1a9a8\" data-element_type=\"widget\" data-widget_type=\"he-contact-information.default\">\n\t\t\t\t<div class=\"elementor-widget-container\">\n\t\t\t        <div class=\"he-contact-information\">\n                        <h2 class=\"he-block-title he-title-style1\">\n                <span>Bitlabor Sz\u00e1m\u00edt\u00e1stechnika<\/span>            <\/h2>\n            \n            <ul>\n                                    <li>\n                        <i class=\"mdi-cellphone\"><\/i>\n                        <span>\n                            <a href=\"tel:+36-20-344-3445\">                            +36-20-344-3445                            <\/a>                        <\/span>\n                    <\/li>\n                \n                                    <li>\n                        <i class=\"mdi-email\"><\/i>\n                        <span>\n                            <a href=\"mailto:info@bitlabor.hu\">                            info@bitlabor.hu                            <\/a>                        <\/span>\n                    <\/li>\n                \n                                    <li>\n                        <i class=\"mdi-earth\"><\/i>\n                        <span>\n                            <a target=\"_blank\" href=\"http:\/\/bitlabor.hu\">                            http:\/\/bitlabor.hu                            <\/a>                        <\/span>\n                    <\/li>\n                \n                                    <li>\n                        <i class=\"mdi-map-marker\"><\/i>\n                        <span><p>6725 Szeged, L\u00e1ma utca 8. I\/3.<\/p>\n<\/span>\n                    <\/li>\n                \n                                    <li>\n                        <i class=\"mdi-clock-time-three\"><\/i>\n                        <span><p>H\u00e9tf\u0151 - P\u00e9ntek<br \/>\n8:00 - 16:00<\/p>\n<\/span>\n                    <\/li>\n                            <\/ul>\n        <\/div>\n        \t\t<\/div>\n\t\t\t\t<\/div>\n\t\t\t\t\t<\/div>\n\t\t\t\t<\/div>\n\t\t\t\t<\/div>\n\t\t","protected":false},"excerpt":{"rendered":"<p>Kapcsolat Bitlabor Sz\u00e1m\u00edt\u00e1stechnika +36-20-344-3445 info@bitlabor.hu http:\/\/bitlabor.hu 6725 Szeged, L\u00e1ma utca 8. I\/3. H\u00e9tf\u0151 &#8211; P\u00e9ntek 8:00 &#8211; 16:00<\/p>\n","protected":false},"author":1,"featured_media":0,"parent":0,"menu_order":0,"comment_status":"closed","ping_status":"closed","template":"","meta":{"footnotes":""},"class_list":["post-1550","page","type-page","status-publish","hentry"],"_links":{"self":[{"href":"https:\/\/www.bitlabor.hu\/index.php\/wp-json\/wp\/v2\/pages\/1550","targetHints":{"allow":["GET"]}}],"collection":[{"href":"https:\/\/www.bitlabor.hu\/index.php\/wp-json\/wp\/v2\/pages"}],"about":[{"href":"https:\/\/www.bitlabor.hu\/index.php\/wp-json\/wp\/v2\/types\/page"}],"author":[{"embeddable":true,"href":"https:\/\/www.bitlabor.hu\/index.php\/wp-json\/wp\/v2\/users\/1"}],"replies":[{"embeddable":true,"href":"https:\/\/www.bitlabor.hu\/index.php\/wp-json\/wp\/v2\/comments?post=1550"}],"version-history":[{"count":19,"href":"https:\/\/www.bitlabor.hu\/index.php\/wp-json\/wp\/v2\/pages\/1550\/revisions"}],"predecessor-version":[{"id":1645,"href":"https:\/\/www.bitlabor.hu\/index.php\/wp-json\/wp\/v2\/pages\/1550\/revisions\/1645"}],"wp:attachment":[{"href":"https:\/\/www.bitlabor.hu\/index.php\/wp-json\/wp\/v2\/media?parent=1550"}],"curies":[{"name":"wp","href":"https:\/\/api.w.org\/{rel}","templated":true}]}}