{"id":1536,"date":"2024-03-26T12:31:53","date_gmt":"2024-03-26T12:31:53","guid":{"rendered":"https:\/\/bitlabor-dev.filafoxit.space\/?page_id=1536"},"modified":"2024-03-26T12:32:39","modified_gmt":"2024-03-26T12:32:39","slug":"tevekenysegeink","status":"publish","type":"page","link":"https:\/\/www.bitlabor.hu\/index.php\/tevekenysegeink\/","title":{"rendered":"Tev\u00e9kenys\u00e9geink"},"content":{"rendered":"\t\t<div data-elementor-type=\"wp-page\" data-elementor-id=\"1536\" class=\"elementor elementor-1536\">\n\t\t\t\t<div class=\"elementor-element elementor-element-75dc551 e-flex e-con-boxed e-con e-parent\" data-id=\"75dc551\" data-element_type=\"container\">\n\t\t\t\t\t<div class=\"e-con-inner\">\n\t\t\t\t<div class=\"elementor-element elementor-element-de9d46f elementor-widget elementor-widget-heading\" data-id=\"de9d46f\" data-element_type=\"widget\" data-widget_type=\"heading.default\">\n\t\t\t\t<div class=\"elementor-widget-container\">\n\t\t\t<style>\/*! elementor - v3.21.0 - 26-05-2024 *\/\n.elementor-heading-title{padding:0;margin:0;line-height:1}.elementor-widget-heading .elementor-heading-title[class*=elementor-size-]>a{color:inherit;font-size:inherit;line-height:inherit}.elementor-widget-heading .elementor-heading-title.elementor-size-small{font-size:15px}.elementor-widget-heading .elementor-heading-title.elementor-size-medium{font-size:19px}.elementor-widget-heading .elementor-heading-title.elementor-size-large{font-size:29px}.elementor-widget-heading .elementor-heading-title.elementor-size-xl{font-size:39px}.elementor-widget-heading .elementor-heading-title.elementor-size-xxl{font-size:59px}<\/style><h2 class=\"elementor-heading-title elementor-size-default\">Tev\u00e9kenys\u00e9geink<\/h2>\t\t<\/div>\n\t\t\t\t<\/div>\n\t\t\t\t\t<\/div>\n\t\t\t\t<\/div>\n\t\t<div class=\"elementor-element elementor-element-0759ac1 e-flex e-con-boxed e-con e-parent\" data-id=\"0759ac1\" data-element_type=\"container\">\n\t\t\t\t\t<div class=\"e-con-inner\">\n\t\t\t\t<div class=\"elementor-element elementor-element-7a68062 elementor-widget elementor-widget-text-editor\" data-id=\"7a68062\" data-element_type=\"widget\" data-widget_type=\"text-editor.default\">\n\t\t\t\t<div class=\"elementor-widget-container\">\n\t\t\t<style>\/*! elementor - v3.21.0 - 26-05-2024 *\/\n.elementor-widget-text-editor.elementor-drop-cap-view-stacked .elementor-drop-cap{background-color:#69727d;color:#fff}.elementor-widget-text-editor.elementor-drop-cap-view-framed .elementor-drop-cap{color:#69727d;border:3px solid;background-color:transparent}.elementor-widget-text-editor:not(.elementor-drop-cap-view-default) .elementor-drop-cap{margin-top:8px}.elementor-widget-text-editor:not(.elementor-drop-cap-view-default) .elementor-drop-cap-letter{width:1em;height:1em}.elementor-widget-text-editor .elementor-drop-cap{float:left;text-align:center;line-height:1;font-size:50px}.elementor-widget-text-editor .elementor-drop-cap-letter{display:inline-block}<\/style>\t\t\t\t<p><strong>T\u00e1rsas\u00e1gunk els\u0151 tev\u00e9kenys\u00e9gei k\u00f6z\u00f6tt v\u00e9gezte c\u00e9gek, mag\u00e1nszem\u00e9lyek \u00e9s k\u00f6z\u00fcletek:<\/strong><\/p><ul><li>Komplex LAN, WAN h\u00e1l\u00f3zatok tervez\u00e9s\u00e9t, ki\u00e9p\u00edt\u00e9s\u00e9t \u00e9s \u00fczemeltet\u00e9s\u00e9t<\/li><li>Teljes Optikai alap\u00fa rendszerek telep\u00edt\u00e9s\u00e9t \u00e9s ki\u00e9p\u00edt\u00e9s\u00e9t<\/li><li>Kliens oldali Internet karbantart\u00e1st \u00e9s jav\u00edt\u00e1st<\/li><li>C\u00e9gek szoftver audit\u00e1l\u00e1s\u00e1t \u00e9s ellen\u0151rz\u00e9s\u00e9t, \u00e1tvil\u00e1g\u00edt\u00e1s\u00e1t (<a href=\"http:\/\/www.bsa.org\/hungary\/\">BSA<\/a> el\u0151\u00edr\u00e1sok szerint )<\/li><li>Szerverek telep\u00edt\u00e9s\u00e9t \u00e9s \u00fczemeltet\u00e9s\u00e9t<ul><li>Webszerver (LINUX alapokon)<\/li><li>Levelez\u0151-szerver (LINUX alapokon)<\/li><li>Weboldal szerkeszt\u00e9s (platform f\u00fcggetlen\u00fcl<\/li><li>File \u00e9s alkalmaz\u00e1s kiszolg\u00e1l\u00f3 szerverek telep\u00edt\u00e9s\u00e9t \u00e9s \u00fczemeltet\u00e9s\u00e9t (Microsoft Novell \u00e9s Linux platformokon)<\/li><\/ul><\/li><\/ul><p><strong>\u00c1ltalunk telep\u00edtett \u00e9s gyakorlatban \u00fczemeltetett kliens oldali oper\u00e1ci\u00f3s rendszerek:<\/strong><\/p><ul><li>Microsoft Windows<\/li><li>SUSE LINUX<\/li><li>DEBIAN LINUX<\/li><li>APPLE<\/li><\/ul><p><strong>\u00c1ltalunk telep\u00edtett \u00e9s gyakorlatban \u00fczemeltetett szerver oldali platformok:<\/strong><\/p><ul><li>MS Windows 2019 (az \u00f6sszes vari\u00e1ns)<\/li><li>DEBIAN LINUX<\/li><li>SUSE LINUX<\/li><li>CPANEL Web Management<\/li><li>ISPCP Web Management<\/li><li>MSSQL Database Szerver<\/li><li>MYSQL Database Szerver<\/li><li>POSTGRESQL Database Szerver<\/li><li>INTERBASE \/ FIREBIRD Database Szerver<\/li><\/ul><p><strong>N\u00e9h\u00e1ny p\u00e9lda az eddig megval\u00f3s\u00edtott szakmai kih\u00edv\u00e1sokra:<\/strong><\/p><ul><li>VPN (Virtual Private Network) k\u00e9t telephely k\u00f6z\u00f6tt TCP\/IP alap\u00fa kapcsolat Interneten kereszt\u00fcl (LINUX szerverekkel)<\/li><li>250 g\u00e9pes WAN h\u00e1l\u00f3zat teljes rendszer ki\u00e9p\u00edt\u00e9se \u00e9s \u00fczemeltet\u00e9se (SOLE-Mizo)<\/li><li>40 g\u00e9pes mag\u00e1nh\u00e1l\u00f3zat levelez\u00e9s\u00e9nek \u00e9s webszerver\u00e9nek \u00fczemeltet\u00e9se a helysz\u00ednre kihelyezett eszk\u00f6zzel 7\/24 rendelkez\u00e9sre \u00e1ll\u00e1ssal.<\/li><li>LINUX alap\u00fa adatb\u00e1zis szerver (Firebird) \u00fczemeltet\u00e9se.<\/li><li>Windows MS SQL alap\u00fa adatb\u00e1zis szerver \u00fczemeltet\u00e9se<\/li><li>Linux alap\u00fa MY SQL alap\u00fa adatb\u00e1zis szerver \u00fczemeltet\u00e9se<\/li><li>Termin\u00e1lszerver \u00fczemeltet\u00e9s Interneten kereszt\u00fcl (24 bites titkos\u00edtott csatorn\u00e1n)<\/li><li>Biztons\u00e1gos redund\u00e1ns Internet kapcsolat ki\u00e9p\u00edt\u00e9se automatikus szolg\u00e1ltat\u00f3 v\u00e1lt\u00e1ssal \u00fczemzavar eset\u00e9n.<\/li><li>Nagy v\u00e1llalati iktat\u00f3 rendszer tervez\u00e9se, telep\u00edt\u00e9se \u00e9s \u00fczemeltet\u00e9se<\/li><li>T\u00f6bbg\u00e9pes virtu\u00e1lis szerver klaszter tervez\u00e9se, telep\u00edt\u00e9se \u00e9s \u00fczemeltet\u00e9se 24\/7-es rendelkez\u00e9sre \u00e1ll\u00e1ssal LINUX alapokon<\/li><\/ul><p>Mint a fentiekb\u0151l is l\u00e1that\u00f3 c\u00e9g\u00fcnk mindig igyekszik az \u00fcgyfelek \u00e9rdekeit szem el\u0151tt tartva a lehet\u0151 legkisebb k\u00f6lts\u00e9ggel j\u00e1r\u00f3 biztons\u00e1gos, stabilan m\u0171k\u00f6d\u0151, versenyk\u00e9pes technol\u00f3gi\u00e1t aj\u00e1nlani. Rem\u00e9lj\u00fck bemutatkoz\u00e1sunk felkeltette \u00e9rdekl\u0151d\u00e9s\u00e9t \u00e9s egy szem\u00e9lyes tal\u00e1lkoz\u00f3n lesz lehet\u0151s\u00e9g\u00fcnk megvitatni az \u00f6n\u00f6kn\u00e9l felmer\u00fcl\u0151 informatikai k\u00e9rd\u00e9seket, valamint az ezekre megold\u00e1st ad\u00f3 lehet\u0151s\u00e9geket.<\/p>\t\t\t\t\t\t<\/div>\n\t\t\t\t<\/div>\n\t\t\t\t\t<\/div>\n\t\t\t\t<\/div>\n\t\t\t\t<\/div>\n\t\t","protected":false},"excerpt":{"rendered":"<p>Tev\u00e9kenys\u00e9geink T\u00e1rsas\u00e1gunk els\u0151 tev\u00e9kenys\u00e9gei k\u00f6z\u00f6tt v\u00e9gezte c\u00e9gek, mag\u00e1nszem\u00e9lyek \u00e9s k\u00f6z\u00fcletek: Komplex LAN, WAN h\u00e1l\u00f3zatok tervez\u00e9s\u00e9t, ki\u00e9p\u00edt\u00e9s\u00e9t \u00e9s \u00fczemeltet\u00e9s\u00e9t Teljes Optikai alap\u00fa rendszerek telep\u00edt\u00e9s\u00e9t \u00e9s ki\u00e9p\u00edt\u00e9s\u00e9t Kliens oldali Internet karbantart\u00e1st \u00e9s jav\u00edt\u00e1st C\u00e9gek szoftver audit\u00e1l\u00e1s\u00e1t \u00e9s ellen\u0151rz\u00e9s\u00e9t, \u00e1tvil\u00e1g\u00edt\u00e1s\u00e1t (BSA el\u0151\u00edr\u00e1sok szerint ) Szerverek telep\u00edt\u00e9s\u00e9t \u00e9s \u00fczemeltet\u00e9s\u00e9t Webszerver (LINUX alapokon) Levelez\u0151-szerver (LINUX alapokon) Weboldal szerkeszt\u00e9s (platform f\u00fcggetlen\u00fcl [&hellip;]<\/p>\n","protected":false},"author":1,"featured_media":0,"parent":0,"menu_order":0,"comment_status":"closed","ping_status":"closed","template":"","meta":{"footnotes":""},"class_list":["post-1536","page","type-page","status-publish","hentry"],"_links":{"self":[{"href":"https:\/\/www.bitlabor.hu\/index.php\/wp-json\/wp\/v2\/pages\/1536","targetHints":{"allow":["GET"]}}],"collection":[{"href":"https:\/\/www.bitlabor.hu\/index.php\/wp-json\/wp\/v2\/pages"}],"about":[{"href":"https:\/\/www.bitlabor.hu\/index.php\/wp-json\/wp\/v2\/types\/page"}],"author":[{"embeddable":true,"href":"https:\/\/www.bitlabor.hu\/index.php\/wp-json\/wp\/v2\/users\/1"}],"replies":[{"embeddable":true,"href":"https:\/\/www.bitlabor.hu\/index.php\/wp-json\/wp\/v2\/comments?post=1536"}],"version-history":[{"count":4,"href":"https:\/\/www.bitlabor.hu\/index.php\/wp-json\/wp\/v2\/pages\/1536\/revisions"}],"predecessor-version":[{"id":1540,"href":"https:\/\/www.bitlabor.hu\/index.php\/wp-json\/wp\/v2\/pages\/1536\/revisions\/1540"}],"wp:attachment":[{"href":"https:\/\/www.bitlabor.hu\/index.php\/wp-json\/wp\/v2\/media?parent=1536"}],"curies":[{"name":"wp","href":"https:\/\/api.w.org\/{rel}","templated":true}]}}