{"id":1527,"date":"2024-03-26T12:29:56","date_gmt":"2024-03-26T12:29:56","guid":{"rendered":"https:\/\/bitlabor-dev.filafoxit.space\/?page_id=1527"},"modified":"2024-05-06T12:26:54","modified_gmt":"2024-05-06T12:26:54","slug":"cegunkrol","status":"publish","type":"page","link":"https:\/\/www.bitlabor.hu\/index.php\/cegunkrol\/","title":{"rendered":"C\u00e9g\u00fcnkr\u0151l"},"content":{"rendered":"\t\t<div data-elementor-type=\"wp-page\" data-elementor-id=\"1527\" class=\"elementor elementor-1527\">\n\t\t\t\t<div class=\"elementor-element elementor-element-e833a2a e-flex e-con-boxed e-con e-parent\" data-id=\"e833a2a\" data-element_type=\"container\">\n\t\t\t\t\t<div class=\"e-con-inner\">\n\t\t\t\t<div class=\"elementor-element elementor-element-68955a7 elementor-widget elementor-widget-heading\" data-id=\"68955a7\" data-element_type=\"widget\" data-widget_type=\"heading.default\">\n\t\t\t\t<div class=\"elementor-widget-container\">\n\t\t\t<style>\/*! elementor - v3.21.0 - 26-05-2024 *\/\n.elementor-heading-title{padding:0;margin:0;line-height:1}.elementor-widget-heading .elementor-heading-title[class*=elementor-size-]>a{color:inherit;font-size:inherit;line-height:inherit}.elementor-widget-heading .elementor-heading-title.elementor-size-small{font-size:15px}.elementor-widget-heading .elementor-heading-title.elementor-size-medium{font-size:19px}.elementor-widget-heading .elementor-heading-title.elementor-size-large{font-size:29px}.elementor-widget-heading .elementor-heading-title.elementor-size-xl{font-size:39px}.elementor-widget-heading .elementor-heading-title.elementor-size-xxl{font-size:59px}<\/style><h2 class=\"elementor-heading-title elementor-size-default\">C\u00e9g\u00fcnkr\u0151l<\/h2>\t\t<\/div>\n\t\t\t\t<\/div>\n\t\t\t\t\t<\/div>\n\t\t\t\t<\/div>\n\t\t<div class=\"elementor-element elementor-element-fe732a6 e-flex e-con-boxed e-con e-parent\" data-id=\"fe732a6\" data-element_type=\"container\">\n\t\t\t\t\t<div class=\"e-con-inner\">\n\t\t\t\t<div class=\"elementor-element elementor-element-76198e4 elementor-widget elementor-widget-text-editor\" data-id=\"76198e4\" data-element_type=\"widget\" data-widget_type=\"text-editor.default\">\n\t\t\t\t<div class=\"elementor-widget-container\">\n\t\t\t<style>\/*! elementor - v3.21.0 - 26-05-2024 *\/\n.elementor-widget-text-editor.elementor-drop-cap-view-stacked .elementor-drop-cap{background-color:#69727d;color:#fff}.elementor-widget-text-editor.elementor-drop-cap-view-framed .elementor-drop-cap{color:#69727d;border:3px solid;background-color:transparent}.elementor-widget-text-editor:not(.elementor-drop-cap-view-default) .elementor-drop-cap{margin-top:8px}.elementor-widget-text-editor:not(.elementor-drop-cap-view-default) .elementor-drop-cap-letter{width:1em;height:1em}.elementor-widget-text-editor .elementor-drop-cap{float:left;text-align:center;line-height:1;font-size:50px}.elementor-widget-text-editor .elementor-drop-cap-letter{display:inline-block}<\/style>\t\t\t\t<p style=\"text-align: justify;\">C\u00e9g\u00fcnk 1998-ban alakult sz\u00e1m\u00edt\u00e1stechnikai hardver kereskedelmi \u00e9s szoftverszolg\u00e1ltat\u00e1si c\u00e9lokkal. Fiatal csapatunk filoz\u00f3fi\u00e1ja, hogy \u00fcgyfeleinknek, legyenek azok ak\u00e1r nagy c\u00e9gek vagy egy\u00e9ni kis felhaszn\u00e1l\u00f3k, az informatika teljes palett\u00e1j\u00e1n magas sz\u00ednvonal\u00fa megold\u00e1sokat \u00e9s szolg\u00e1ltat\u00e1sokat ny\u00fajtsunk. A kezdetek \u00f3ta folyamatosan n\u00f6vekszik mind \u00fcgyf\u00e9lk\u00f6r\u00fcnk mind t\u00e1rsas\u00e1gunk \u00e1rbev\u00e9tele \u00e9s ezzel egy\u00fctt tev\u00e9kenys\u00e9gi k\u00f6reink is.<\/p>\t\t\t\t\t\t<\/div>\n\t\t\t\t<\/div>\n\t\t\t\t\t<\/div>\n\t\t\t\t<\/div>\n\t\t<div class=\"elementor-element elementor-element-77d2a44 e-flex e-con-boxed e-con e-parent\" data-id=\"77d2a44\" data-element_type=\"container\">\n\t\t\t\t\t<div class=\"e-con-inner\">\n\t\t\t\t<div class=\"elementor-element elementor-element-af649c2 elementor-widget elementor-widget-image\" data-id=\"af649c2\" data-element_type=\"widget\" data-widget_type=\"image.default\">\n\t\t\t\t<div class=\"elementor-widget-container\">\n\t\t\t<style>\/*! elementor - v3.21.0 - 26-05-2024 *\/\n.elementor-widget-image{text-align:center}.elementor-widget-image a{display:inline-block}.elementor-widget-image a img[src$=\".svg\"]{width:48px}.elementor-widget-image img{vertical-align:middle;display:inline-block}<\/style>\t\t\t\t\t\t\t\t\t\t<img decoding=\"async\" width=\"140\" height=\"50\" src=\"https:\/\/www.bitlabor.hu\/wp-content\/uploads\/2024\/03\/logo.png\" class=\"attachment-large size-large wp-image-1448\" alt=\"\" \/>\t\t\t\t\t\t\t\t\t\t\t\t\t<\/div>\n\t\t\t\t<\/div>\n\t\t\t\t\t<\/div>\n\t\t\t\t<\/div>\n\t\t\t\t<\/div>\n\t\t","protected":false},"excerpt":{"rendered":"<p>C\u00e9g\u00fcnkr\u0151l C\u00e9g\u00fcnk 1998-ban alakult sz\u00e1m\u00edt\u00e1stechnikai hardver kereskedelmi \u00e9s szoftverszolg\u00e1ltat\u00e1si c\u00e9lokkal. Fiatal csapatunk filoz\u00f3fi\u00e1ja, hogy \u00fcgyfeleinknek, legyenek azok ak\u00e1r nagy c\u00e9gek vagy egy\u00e9ni kis felhaszn\u00e1l\u00f3k, az informatika teljes palett\u00e1j\u00e1n magas sz\u00ednvonal\u00fa megold\u00e1sokat \u00e9s szolg\u00e1ltat\u00e1sokat ny\u00fajtsunk. A kezdetek \u00f3ta folyamatosan n\u00f6vekszik mind \u00fcgyf\u00e9lk\u00f6r\u00fcnk mind t\u00e1rsas\u00e1gunk \u00e1rbev\u00e9tele \u00e9s ezzel egy\u00fctt tev\u00e9kenys\u00e9gi k\u00f6reink is.<\/p>\n","protected":false},"author":1,"featured_media":0,"parent":0,"menu_order":0,"comment_status":"closed","ping_status":"closed","template":"","meta":{"footnotes":""},"class_list":["post-1527","page","type-page","status-publish","hentry"],"_links":{"self":[{"href":"https:\/\/www.bitlabor.hu\/index.php\/wp-json\/wp\/v2\/pages\/1527","targetHints":{"allow":["GET"]}}],"collection":[{"href":"https:\/\/www.bitlabor.hu\/index.php\/wp-json\/wp\/v2\/pages"}],"about":[{"href":"https:\/\/www.bitlabor.hu\/index.php\/wp-json\/wp\/v2\/types\/page"}],"author":[{"embeddable":true,"href":"https:\/\/www.bitlabor.hu\/index.php\/wp-json\/wp\/v2\/users\/1"}],"replies":[{"embeddable":true,"href":"https:\/\/www.bitlabor.hu\/index.php\/wp-json\/wp\/v2\/comments?post=1527"}],"version-history":[{"count":17,"href":"https:\/\/www.bitlabor.hu\/index.php\/wp-json\/wp\/v2\/pages\/1527\/revisions"}],"predecessor-version":[{"id":1642,"href":"https:\/\/www.bitlabor.hu\/index.php\/wp-json\/wp\/v2\/pages\/1527\/revisions\/1642"}],"wp:attachment":[{"href":"https:\/\/www.bitlabor.hu\/index.php\/wp-json\/wp\/v2\/media?parent=1527"}],"curies":[{"name":"wp","href":"https:\/\/api.w.org\/{rel}","templated":true}]}}